{"id":37,"date":"2016-11-25T09:14:25","date_gmt":"2016-11-25T09:14:25","guid":{"rendered":"http:\/\/btssio17.com\/?page_id=37"},"modified":"2025-11-10T13:54:06","modified_gmt":"2025-11-10T12:54:06","slug":"la_formation","status":"publish","type":"page","link":"https:\/\/btssio17.com\/wpbtssite\/la_formation\/","title":{"rendered":"La formation"},"content":{"rendered":"\n<p><span style=\"font-size: 24pt; color: #ff0000;\"><strong>La formation au BTS SIO<br>Services Informatiques aux Organisations.<\/strong><\/span><\/p>\n\n\n\n<figure class=\"wp-block-image\"><img loading=\"lazy\" decoding=\"async\" width=\"300\" height=\"300\" src=\"https:\/\/btssio17.com\/wpbtssite\/wp-content\/uploads\/00-logo-sio-300x300.png\" alt=\"Logo du BTS SIO de Rochefort\" class=\"wp-image-923\" srcset=\"https:\/\/btssio17.com\/wpbtssite\/wp-content\/uploads\/00-logo-sio-300x300.png 300w, https:\/\/btssio17.com\/wpbtssite\/wp-content\/uploads\/00-logo-sio-150x150.png 150w, https:\/\/btssio17.com\/wpbtssite\/wp-content\/uploads\/00-logo-sio-768x768.png 768w, https:\/\/btssio17.com\/wpbtssite\/wp-content\/uploads\/00-logo-sio.png 900w\" sizes=\"auto, (max-width: 300px) 100vw, 300px\" \/><\/figure>\n\n\n\n<p><span style=\"font-size: 14pt; color: #029e02;\"><strong>La formation<\/strong><\/span><\/p>\n\n\n\n<p>Ce BTS est un dipl\u00f4me BAC +2 reconnu par l&rsquo;\u00c9tat, il apporte des comp\u00e9tences pluridisciplinaires dans le domaine de l&rsquo;informatique. Cette formation consiste \u00e0 former des professionnels \u00e0 la maintenance informatique, \u00e0 trouver des solutions techniques d&rsquo;infrastructures, et \u00e0 d\u00e9velopper des applications logicielles.<\/p>\n\n\n\n<p>Cette formation permet de travailler soit en ind\u00e9pendant soit en tant que salari\u00e9 dans plusieurs types d&rsquo;organisations : entreprises de services num\u00e9riques, PME\/PMI, Entreprises de Services du Num\u00e9rique (ESN), services publics, autres&#8230;<\/p>\n\n\n\n<p><span style=\"font-size: 14pt; color: #029e02;\"><strong>Acc\u00e8s \u00e0 la formation<\/strong><\/span><\/p>\n\n\n\n<p>La formation BTS SIO est accessible \u00e0 l&rsquo;issue de bacs g\u00e9n\u00e9raux, technologiques et professionnels ainsi que pour ceux qui reviennent \u00e0 un cursus scolaire apr\u00e8s une interruption dans les \u00e9tudes.<\/p>\n\n\n\n<ul class=\"wp-block-list\">\n<li>Tous les Baccalaur\u00e9ats STMG<\/li>\n\n\n\n<li>Tous les Baccalaur\u00e9ats STI2D, la sp\u00e9cialit\u00e9 Syst\u00e8mes d&rsquo;Information et Num\u00e9rique (SIN) est tr\u00e8s repr\u00e9sent\u00e9e dans nos \u00e9tudiants<\/li>\n\n\n\n<li>Baccalaur\u00e9ats G\u00e9n\u00e9raux avec des option Scientifiques<\/li>\n\n\n\n<li>Bac Pro \u00e9lectrotechnique, \u00e9nergie, \u00e9quipements communicants<\/li>\n\n\n\n<li><p>Bac pro gestion-administration<\/p><\/li>\n\n\n\n<li><p>Bac pro cybers\u00e9curit\u00e9, informatique et r\u00e9seaux, \u00e9lectronique (CIEL)<\/p><\/li>\n<\/ul>\n\n\n\n<p>Les candidatures se font uniquement via la plateforme <a href=\"https:\/\/www.parcoursup.fr\" target=\"_blank\" rel=\"noopener\">ParcourSup<\/a>.<\/p>\n\n\n\n<p><span style=\"font-size: 14pt; color: #029e02;\"><strong><br>Contenu du programme<\/strong><\/span><\/p>\n\n\n\n<p>Les enseignements sont r\u00e9partis par disciplines et blocs de comp\u00e9tences. Il y a des enseignements g\u00e9n\u00e9raux et professionnels.<\/p>\n\n\n\n<p>Pour les blocs de comp\u00e9tences professionnelles, ils sont r\u00e9partis comme suit :<\/p>\n\n\n\n<ul class=\"wp-block-list\">\n<li>B1 : Support et mise \u00e0 disposition de services informatiques<\/li>\n\n\n\n<li>B2 SISR : Administration des syst\u00e8mes et des r\u00e9seaux<\/li>\n\n\n\n<li>B2 SLAM : Conception et d\u00e9veloppement d\u2019applications<\/li>\n\n\n\n<li>B3 : Cybers\u00e9curit\u00e9 des services informatiques<\/li>\n<\/ul>\n\n\n\n<p>&nbsp;<\/p>\n\n\n\n<p><span style=\"font-size: 14pt; color: #029e02;\"><strong>Stages<\/strong><\/span><\/p>\n\n\n\n<p>Pendant la formation, deux <strong>stages<\/strong> sont effectu\u00e9s par les \u00e9tudiants :<br>Le stage de premi\u00e8re ann\u00e9e dure <strong>4 semaines<\/strong> et est effectu\u00e9 en mai et juin (fin d&rsquo;ann\u00e9e).<br>Le stage de deuxi\u00e8me ann\u00e9e a une dur\u00e9e de <strong>6 semaines<\/strong> en janvier et f\u00e9vrier.<\/p>\n\n\n\n<p><span style=\"font-size: 14pt; color: #029e02;\"><strong>Examen<\/strong><\/span><\/p>\n\n\n\n<p>L&rsquo;examen est constitu\u00e9 d&rsquo;\u00e9preuves <strong>\u00e9crites<\/strong> mais aussi d&rsquo;\u00e9preuves <strong>orales<\/strong><\/p>\n\n\n\n<p>&nbsp;<\/p>\n\n\n\n<p><span style=\"font-size: 14pt; color: #029e02;\"><strong>Sp\u00e9cialit\u00e9s<\/strong><\/span><\/p>\n\n\n\n<p>Le lyc\u00e9e Merleau-Ponty permet aux \u00e9tudiants de BTS SIO <span style=\"font-size: 14pt;\"><strong>de choisir au 2\u00e8me trimestre de la premi\u00e8re ann\u00e9e<\/strong><\/span> une sp\u00e9cialit\u00e9. Les deux sp\u00e9cialit\u00e9s disponibles sont :<\/p>\n\n\n\n<ul class=\"wp-block-list\">\n<li>Solutions d&rsquo;Infrastructure, Syst\u00e8mes et R\u00e9seaux (<strong>SISR<\/strong>).<\/li>\n\n\n\n<li>Solutions Logicielles et Applications M\u00e9tiers (<strong>SLAM<\/strong>).<\/li>\n<\/ul>\n\n\n\n<p><span style=\"font-size: 14pt; color: #029e02;\"><strong><br>Poursuite d&rsquo;\u00e9tudes<\/strong><\/span><\/p>\n\n\n\n<p>Des formations <strong>Bac +3 <\/strong>et<strong> Bac +5<\/strong> sont accessibles apr\u00e8s un BTS SIO.<\/p>\n\n\n\n<p>Des <strong>licences professionnelles<\/strong> sont envisageables voire recommand\u00e9es pour s&rsquo;int\u00e9grer plus facilement dans le monde du travail.<\/p>\n\n\n\n<p>Des exemples de formations publiques possibles dans l&rsquo;acad\u00e9mie de Poitiers sont fournis ici :<\/p>\n\n\n\n<ul class=\"wp-block-list\">\n<li><a href=\"https:\/\/formations.univ-larochelle.fr\/lp-developpeur-web-full-stack?lang=fr\" target=\"_blank\" rel=\"noreferrer noopener\">Licence professionnelle M\u00e9tiers de l&rsquo;informatique&nbsp;: applications Web parcours D\u00e9veloppeur full stack de La Rochelle Universit\u00e9<\/a><\/li>\n\n\n\n<li><a href=\"https:\/\/formations.univ-poitiers.fr\/fr\/index\/licence-professionnelle-DP\/licence-professionnelle-DP\/licence-professionnelle-metiers-de-l-informatique-conception-developpement-et-test-de-logiciels-JACHNIWS.html\" target=\"_blank\" rel=\"noreferrer noopener\"><span style=\"font-size: 12pt;\">Licence professionnelle M\u00e9tiers de l&rsquo;informatique : conception, d\u00e9veloppement et test de logiciels<\/span> de l&rsquo;Universit\u00e9 de Poitiers<\/a><\/li>\n<\/ul>\n\n\n\n<p>Des \u00e9coles <strong>informatiques<\/strong> et certaines \u00e9coles <strong>d&rsquo;ing\u00e9nieur<\/strong> restent aussi accessibles au BTS SIO. Certaines \u00e9coles pr\u00e9parent \u00e0 un Dipl\u00f4me Europ\u00e9en d&rsquo;\u00c9tudes Sup\u00e9rieures (DEES) en Informatique R\u00e9seaux et S\u00e9curit\u00e9<\/p>\n\n\n\n<p>Avec de bonnes motivations, des <strong>masters<\/strong> comme le Master Manager de Projets Web et Digital sont accessibles pour se sp\u00e9cialiser dans un secteur.<\/p>\n\n\n\n<p><strong><span style=\"text-decoration: underline; color: #339966;\">Exemples de m\u00e9tiers apr\u00e8s un BTS SIO sp\u00e9cialit\u00e9 SISR :<\/span><\/strong><\/p>\n\n\n\n<ul class=\"wp-block-list\">\n<li>Administrateur syst\u00e8mes et r\u00e9seaux<\/li>\n\n\n\n<li>Informaticien support et d\u00e9ploiement<\/li>\n\n\n\n<li>Technicien de production<\/li>\n\n\n\n<li>Technicien r\u00e9seaux \/ t\u00e9l\u00e9coms<\/li>\n\n\n\n<li>Technicien de maintenance en informatique<\/li>\n\n\n\n<li>Autres&#8230;<\/li>\n<\/ul>\n\n\n\n<p><span style=\"color: #339966;\"><strong><span style=\"text-decoration: underline;\">Les principaux m\u00e9tiers apr\u00e8s un BTS SIO sp\u00e9cialit\u00e9 SLAM :<\/span><\/strong><\/span><\/p>\n\n\n\n<ul class=\"wp-block-list\">\n<li>D\u00e9veloppeur d&rsquo;applications informatiques<\/li>\n\n\n\n<li>Webmestre \/ Administrateur de site<\/li>\n\n\n\n<li>Analyste d&rsquo;applications<\/li>\n\n\n\n<li>Analyste programmeur<\/li>\n\n\n\n<li>Int\u00e9grateur web<\/li>\n\n\n\n<li>Programmeur analyste<\/li>\n\n\n\n<li>Programmeur d&rsquo;applications<\/li>\n\n\n\n<li>Autres&#8230;<\/li>\n<\/ul>\n\n\n\n<p>Plus d&rsquo;information sur la formation en suivant <a href=\"https:\/\/www.btssio.org\" target=\"_blank\" rel=\"noreferrer noopener\">ce lien<\/a>.<\/p>\n","protected":false},"excerpt":{"rendered":"<p>La formation au BTS SIOServices Informatiques aux Organisations. La formation Ce BTS est un dipl\u00f4me BAC +2 reconnu par l&rsquo;\u00c9tat, il apporte des comp\u00e9tences pluridisciplinaires dans le domaine de l&rsquo;informatique. Cette formation consiste \u00e0 former des professionnels \u00e0 la maintenance informatique, \u00e0 trouver des solutions techniques d&rsquo;infrastructures, et \u00e0 d\u00e9velopper des applications logicielles. Cette formation [&hellip;]<\/p>\n","protected":false},"author":2,"featured_media":0,"parent":0,"menu_order":0,"comment_status":"closed","ping_status":"closed","template":"","meta":{"footnotes":""},"class_list":["post-37","page","type-page","status-publish","hentry"],"_links":{"self":[{"href":"https:\/\/btssio17.com\/wpbtssite\/wp-json\/wp\/v2\/pages\/37","targetHints":{"allow":["GET"]}}],"collection":[{"href":"https:\/\/btssio17.com\/wpbtssite\/wp-json\/wp\/v2\/pages"}],"about":[{"href":"https:\/\/btssio17.com\/wpbtssite\/wp-json\/wp\/v2\/types\/page"}],"author":[{"embeddable":true,"href":"https:\/\/btssio17.com\/wpbtssite\/wp-json\/wp\/v2\/users\/2"}],"replies":[{"embeddable":true,"href":"https:\/\/btssio17.com\/wpbtssite\/wp-json\/wp\/v2\/comments?post=37"}],"version-history":[{"count":37,"href":"https:\/\/btssio17.com\/wpbtssite\/wp-json\/wp\/v2\/pages\/37\/revisions"}],"predecessor-version":[{"id":977,"href":"https:\/\/btssio17.com\/wpbtssite\/wp-json\/wp\/v2\/pages\/37\/revisions\/977"}],"wp:attachment":[{"href":"https:\/\/btssio17.com\/wpbtssite\/wp-json\/wp\/v2\/media?parent=37"}],"curies":[{"name":"wp","href":"https:\/\/api.w.org\/{rel}","templated":true}]}}